{"id":2266,"date":"2019-09-18T08:57:53","date_gmt":"2019-09-18T11:57:53","guid":{"rendered":"https:\/\/ibp.crp.ufv.br\/?page_id=2266"},"modified":"2025-03-26T08:48:02","modified_gmt":"2025-03-26T11:48:02","slug":"cursos","status":"publish","type":"page","link":"https:\/\/ibp.crp.ufv.br\/?page_id=2266","title":{"rendered":"Cursos"},"content":{"rendered":"<h4><a href=\"http:\/\/www.blg.crp.ufv.br\/\"><strong>Ci\u00eancias Biol\u00f3gicas<\/strong><\/a><\/h4>\n<h4><strong><a href=\"http:\/\/www.ntr.crp.ufv.br\/\">Nutri\u00e7\u00e3o<\/a><\/strong><\/h4>\n","protected":false},"excerpt":{"rendered":"<p>Ci\u00eancias Biol\u00f3gicas Nutri\u00e7\u00e3o<\/p>\n","protected":false},"author":6,"featured_media":0,"parent":1894,"menu_order":0,"comment_status":"closed","ping_status":"closed","template":"","meta":{"footnotes":""},"class_list":["post-2266","page","type-page","status-publish","hentry"],"_links":{"self":[{"href":"https:\/\/ibp.crp.ufv.br\/index.php?rest_route=\/wp\/v2\/pages\/2266","targetHints":{"allow":["GET"]}}],"collection":[{"href":"https:\/\/ibp.crp.ufv.br\/index.php?rest_route=\/wp\/v2\/pages"}],"about":[{"href":"https:\/\/ibp.crp.ufv.br\/index.php?rest_route=\/wp\/v2\/types\/page"}],"author":[{"embeddable":true,"href":"https:\/\/ibp.crp.ufv.br\/index.php?rest_route=\/wp\/v2\/users\/6"}],"replies":[{"embeddable":true,"href":"https:\/\/ibp.crp.ufv.br\/index.php?rest_route=%2Fwp%2Fv2%2Fcomments&post=2266"}],"version-history":[{"count":5,"href":"https:\/\/ibp.crp.ufv.br\/index.php?rest_route=\/wp\/v2\/pages\/2266\/revisions"}],"predecessor-version":[{"id":3472,"href":"https:\/\/ibp.crp.ufv.br\/index.php?rest_route=\/wp\/v2\/pages\/2266\/revisions\/3472"}],"up":[{"embeddable":true,"href":"https:\/\/ibp.crp.ufv.br\/index.php?rest_route=\/wp\/v2\/pages\/1894"}],"wp:attachment":[{"href":"https:\/\/ibp.crp.ufv.br\/index.php?rest_route=%2Fwp%2Fv2%2Fmedia&parent=2266"}],"curies":[{"name":"wp","href":"https:\/\/api.w.org\/{rel}","templated":true}]}}