{"id":2242,"date":"2019-09-17T16:35:14","date_gmt":"2019-09-17T19:35:14","guid":{"rendered":"https:\/\/ibp.crp.ufv.br\/?page_id=2242"},"modified":"2019-10-22T11:11:05","modified_gmt":"2019-10-22T14:11:05","slug":"menu06","status":"publish","type":"page","link":"https:\/\/ibp.crp.ufv.br\/?page_id=2242","title":{"rendered":"SEI &#8211; Sistema Eletr\u00f4nico de Informa\u00e7\u00f5es"},"content":{"rendered":"<p><a href=\"http:\/\/www.sei.ufv.br\/\">SEI &#8211; SISTEMA ELETR\u00d4NICO DE INFORMA\u00c7\u00d5ES<\/a><\/p>\n<p>O SEI! \u00e9 um sistema de gest\u00e3o de processos e documentos eletr\u00f4nicos.<\/p>\n<p>D\u00favidas:<\/p>\n<p>E-mail: sei@ufv.br<br \/>\nJorge (SEPAR): (31)3612-2611<\/p>\n<p>&nbsp;<\/p>\n<p>Treinamento:<\/p>\n<p><a href=\"https:\/\/www.youtube.com\/watch?v=ryN-fPLytQM\">V\u00eddeo<\/a><br \/>\n<a href=\"https:\/\/ibp.crp.ufv.br\/wp-content\/uploads\/SEIApostilaCompleta_compressed.pdf\">Apostila<\/a><\/p>\n","protected":false},"excerpt":{"rendered":"<p>SEI &#8211; SISTEMA ELETR\u00d4NICO DE INFORMA\u00c7\u00d5ES O SEI! \u00e9 um sistema de gest\u00e3o de processos e documentos eletr\u00f4nicos. D\u00favidas: E-mail: sei@ufv.br Jorge (SEPAR): (31)3612-2611 &nbsp; Treinamento: V\u00eddeo Apostila<\/p>\n","protected":false},"author":1,"featured_media":0,"parent":0,"menu_order":0,"comment_status":"closed","ping_status":"closed","template":"","meta":{"footnotes":""},"class_list":["post-2242","page","type-page","status-publish","hentry"],"_links":{"self":[{"href":"https:\/\/ibp.crp.ufv.br\/index.php?rest_route=\/wp\/v2\/pages\/2242","targetHints":{"allow":["GET"]}}],"collection":[{"href":"https:\/\/ibp.crp.ufv.br\/index.php?rest_route=\/wp\/v2\/pages"}],"about":[{"href":"https:\/\/ibp.crp.ufv.br\/index.php?rest_route=\/wp\/v2\/types\/page"}],"author":[{"embeddable":true,"href":"https:\/\/ibp.crp.ufv.br\/index.php?rest_route=\/wp\/v2\/users\/1"}],"replies":[{"embeddable":true,"href":"https:\/\/ibp.crp.ufv.br\/index.php?rest_route=%2Fwp%2Fv2%2Fcomments&post=2242"}],"version-history":[{"count":10,"href":"https:\/\/ibp.crp.ufv.br\/index.php?rest_route=\/wp\/v2\/pages\/2242\/revisions"}],"predecessor-version":[{"id":2432,"href":"https:\/\/ibp.crp.ufv.br\/index.php?rest_route=\/wp\/v2\/pages\/2242\/revisions\/2432"}],"wp:attachment":[{"href":"https:\/\/ibp.crp.ufv.br\/index.php?rest_route=%2Fwp%2Fv2%2Fmedia&parent=2242"}],"curies":[{"name":"wp","href":"https:\/\/api.w.org\/{rel}","templated":true}]}}