{"id":2240,"date":"2019-09-17T16:35:07","date_gmt":"2019-09-17T19:35:07","guid":{"rendered":"https:\/\/ibp.crp.ufv.br\/?page_id=2240"},"modified":"2021-03-26T17:40:58","modified_gmt":"2021-03-26T20:40:58","slug":"menu05","status":"publish","type":"page","link":"https:\/\/ibp.crp.ufv.br\/?page_id=2240","title":{"rendered":"Formul\u00e1rios"},"content":{"rendered":"<p><a href=\"https:\/\/ibp.crp.ufv.br\/?page_id=2787\">Monitoria<\/a><\/p>\n<p><a href=\"http:\/\/daf.crp.ufv.br\/?page_id=1156\">Gest\u00e3o de Pessoas &#8211; Campus Rio Parana\u00edba<\/a><\/p>\n<p><a href=\"http:\/\/www.ppg.ufv.br\/?page_id=258\">P\u00f3s-gradua\u00e7\u00e3o<\/a><\/p>\n<p><a href=\"http:\/\/www.ppo.ufv.br\/?page_id=782\">Formul\u00e1rios elaborados pela PPO<\/a><\/p>\n<p><a href=\"http:\/\/www.cppd.ufv.br\/?page_id=119\">Concurso &#8211; Professor Efetivo e Substituto<\/a><\/p>\n<p><a href=\"https:\/\/ibp.crp.ufv.br\/?page_id=2726\" target=\"_blank\" rel=\"noopener noreferrer\">Outros<\/a><\/p>\n<p><a href=\"https:\/\/ibp.crp.ufv.br\/wp-content\/uploads\/geracao-certificados-IBP2.xlsx\">Planilha para a gera\u00e7\u00e3o de certificados<\/a><\/p>\n","protected":false},"excerpt":{"rendered":"<p>Monitoria Gest\u00e3o de Pessoas &#8211; Campus Rio Parana\u00edba P\u00f3s-gradua\u00e7\u00e3o Formul\u00e1rios elaborados pela PPO Concurso &#8211; Professor Efetivo e Substituto Outros Planilha para a gera\u00e7\u00e3o de certificados<\/p>\n","protected":false},"author":1,"featured_media":0,"parent":0,"menu_order":0,"comment_status":"closed","ping_status":"closed","template":"","meta":{"footnotes":""},"class_list":["post-2240","page","type-page","status-publish","hentry"],"_links":{"self":[{"href":"https:\/\/ibp.crp.ufv.br\/index.php?rest_route=\/wp\/v2\/pages\/2240","targetHints":{"allow":["GET"]}}],"collection":[{"href":"https:\/\/ibp.crp.ufv.br\/index.php?rest_route=\/wp\/v2\/pages"}],"about":[{"href":"https:\/\/ibp.crp.ufv.br\/index.php?rest_route=\/wp\/v2\/types\/page"}],"author":[{"embeddable":true,"href":"https:\/\/ibp.crp.ufv.br\/index.php?rest_route=\/wp\/v2\/users\/1"}],"replies":[{"embeddable":true,"href":"https:\/\/ibp.crp.ufv.br\/index.php?rest_route=%2Fwp%2Fv2%2Fcomments&post=2240"}],"version-history":[{"count":11,"href":"https:\/\/ibp.crp.ufv.br\/index.php?rest_route=\/wp\/v2\/pages\/2240\/revisions"}],"predecessor-version":[{"id":3002,"href":"https:\/\/ibp.crp.ufv.br\/index.php?rest_route=\/wp\/v2\/pages\/2240\/revisions\/3002"}],"wp:attachment":[{"href":"https:\/\/ibp.crp.ufv.br\/index.php?rest_route=%2Fwp%2Fv2%2Fmedia&parent=2240"}],"curies":[{"name":"wp","href":"https:\/\/api.w.org\/{rel}","templated":true}]}}