{"id":2238,"date":"2019-09-17T16:34:58","date_gmt":"2019-09-17T19:34:58","guid":{"rendered":"https:\/\/ibp.crp.ufv.br\/?page_id=2238"},"modified":"2025-03-26T08:44:41","modified_gmt":"2025-03-26T11:44:41","slug":"menu04","status":"publish","type":"page","link":"https:\/\/ibp.crp.ufv.br\/?page_id=2238","title":{"rendered":"Monitorias"},"content":{"rendered":"<p>Os Programas de Monitoria e Tutoria no Campus Rio Parana\u00edba s\u00e3o coordenados pela <a href=\"http:\/\/www.dre.crp.ufv.br\/\" target=\"_blank\" rel=\"noopener noreferrer\">Diretoria de Ensino<\/a> (Sala BBT 211). Enquanto que o processo seletivo \u00e9 realizado pelos Institutos de Ci\u00eancias do <em>Campus<\/em>.<\/p>\n<p>O programa de Monitoria \u00e9 regulamentado pela <a href=\"https:\/\/ibp.crp.ufv.br\/wp-content\/uploads\/03-2019-CEPE-Altera-Res.-Monitoria.pdf\" target=\"_blank\" rel=\"noopener noreferrer\">Resolu\u00e7\u00e3o CEPE N\u00ba 03\/2019<\/a>.<\/p>\n<p>Tel: (34) 3855-9308<br \/>\nE-mail: monitoriatutoriacrp@ufv.br<\/p>\n<p><span style=\"color: #ff0000;\"><a style=\"color: #ff0000;\" href=\"https:\/\/ibp.crp.ufv.br\/?page_id=2351\"><strong>Editais de Sele\u00e7\u00e3o de Monitores<\/strong><\/a><\/span><\/p>\n<p><span style=\"color: #ff0000;\"><a style=\"color: #ff0000;\" href=\"https:\/\/ibp.crp.ufv.br\/?page_id=2787\"><strong>Formul\u00e1rios<\/strong><\/a><\/span><\/p>\n<p><span style=\"color: #ff0000;\"><a style=\"color: #ff0000;\" href=\"http:\/\/www.dre.crp.ufv.br\/?page_id=161\"><strong>Hor\u00e1rios de Atendimento dos Monitores<\/strong><\/a><\/span><\/p>\n<p><strong><span style=\"color: #ff0000;\"><a style=\"color: #ff0000;\" href=\"https:\/\/ibp.crp.ufv.br\/?page_id=2293\">Certificados<\/a><\/span><\/strong><\/p>\n<h2><\/h2>\n","protected":false},"excerpt":{"rendered":"<p>Os Programas de Monitoria e Tutoria no Campus Rio Parana\u00edba s\u00e3o coordenados pela Diretoria de Ensino (Sala BBT 211). Enquanto que o processo seletivo \u00e9 realizado pelos Institutos de Ci\u00eancias do Campus. O programa de Monitoria \u00e9 regulamentado pela Resolu\u00e7\u00e3o CEPE N\u00ba 03\/2019. Tel: (34) 3855-9308 E-mail: monitoriatutoriacrp@ufv.br Editais de Sele\u00e7\u00e3o de Monitores Formul\u00e1rios Hor\u00e1rios [&hellip;]<\/p>\n","protected":false},"author":1,"featured_media":0,"parent":0,"menu_order":0,"comment_status":"closed","ping_status":"closed","template":"","meta":{"footnotes":""},"class_list":["post-2238","page","type-page","status-publish","hentry"],"_links":{"self":[{"href":"https:\/\/ibp.crp.ufv.br\/index.php?rest_route=\/wp\/v2\/pages\/2238","targetHints":{"allow":["GET"]}}],"collection":[{"href":"https:\/\/ibp.crp.ufv.br\/index.php?rest_route=\/wp\/v2\/pages"}],"about":[{"href":"https:\/\/ibp.crp.ufv.br\/index.php?rest_route=\/wp\/v2\/types\/page"}],"author":[{"embeddable":true,"href":"https:\/\/ibp.crp.ufv.br\/index.php?rest_route=\/wp\/v2\/users\/1"}],"replies":[{"embeddable":true,"href":"https:\/\/ibp.crp.ufv.br\/index.php?rest_route=%2Fwp%2Fv2%2Fcomments&post=2238"}],"version-history":[{"count":18,"href":"https:\/\/ibp.crp.ufv.br\/index.php?rest_route=\/wp\/v2\/pages\/2238\/revisions"}],"predecessor-version":[{"id":3465,"href":"https:\/\/ibp.crp.ufv.br\/index.php?rest_route=\/wp\/v2\/pages\/2238\/revisions\/3465"}],"wp:attachment":[{"href":"https:\/\/ibp.crp.ufv.br\/index.php?rest_route=%2Fwp%2Fv2%2Fmedia&parent=2238"}],"curies":[{"name":"wp","href":"https:\/\/api.w.org\/{rel}","templated":true}]}}