{"id":2236,"date":"2019-09-17T16:34:49","date_gmt":"2019-09-17T19:34:49","guid":{"rendered":"https:\/\/ibp.crp.ufv.br\/?page_id=2236"},"modified":"2025-03-26T08:43:06","modified_gmt":"2025-03-26T11:43:06","slug":"menu03","status":"publish","type":"page","link":"https:\/\/ibp.crp.ufv.br\/?page_id=2236","title":{"rendered":"Distribui\u00e7\u00e3o de Carga Hor\u00e1ria"},"content":{"rendered":"<p><strong><a href=\"https:\/\/www.dti.ufv.br\/horario_crp\/hor.asp?ano=2019&amp;semestre=2\"><span style=\"color: #0000ff;\">Para acessar os hor\u00e1rios de aulas da UFV-CRP,<\/span><span style=\"color: #ff0000;\"> clique aqui<\/span><\/a><\/strong><\/p>\n","protected":false},"excerpt":{"rendered":"<p>Para acessar os hor\u00e1rios de aulas da UFV-CRP, clique aqui<\/p>\n","protected":false},"author":1,"featured_media":0,"parent":0,"menu_order":0,"comment_status":"closed","ping_status":"closed","template":"","meta":{"footnotes":""},"class_list":["post-2236","page","type-page","status-publish","hentry"],"_links":{"self":[{"href":"https:\/\/ibp.crp.ufv.br\/index.php?rest_route=\/wp\/v2\/pages\/2236","targetHints":{"allow":["GET"]}}],"collection":[{"href":"https:\/\/ibp.crp.ufv.br\/index.php?rest_route=\/wp\/v2\/pages"}],"about":[{"href":"https:\/\/ibp.crp.ufv.br\/index.php?rest_route=\/wp\/v2\/types\/page"}],"author":[{"embeddable":true,"href":"https:\/\/ibp.crp.ufv.br\/index.php?rest_route=\/wp\/v2\/users\/1"}],"replies":[{"embeddable":true,"href":"https:\/\/ibp.crp.ufv.br\/index.php?rest_route=%2Fwp%2Fv2%2Fcomments&post=2236"}],"version-history":[{"count":8,"href":"https:\/\/ibp.crp.ufv.br\/index.php?rest_route=\/wp\/v2\/pages\/2236\/revisions"}],"predecessor-version":[{"id":3462,"href":"https:\/\/ibp.crp.ufv.br\/index.php?rest_route=\/wp\/v2\/pages\/2236\/revisions\/3462"}],"wp:attachment":[{"href":"https:\/\/ibp.crp.ufv.br\/index.php?rest_route=%2Fwp%2Fv2%2Fmedia&parent=2236"}],"curies":[{"name":"wp","href":"https:\/\/api.w.org\/{rel}","templated":true}]}}