{"id":2234,"date":"2019-09-17T16:34:41","date_gmt":"2019-09-17T19:34:41","guid":{"rendered":"https:\/\/ibp.crp.ufv.br\/?page_id=2234"},"modified":"2025-07-09T08:25:13","modified_gmt":"2025-07-09T11:25:13","slug":"menu02","status":"publish","type":"page","link":"https:\/\/ibp.crp.ufv.br\/?page_id=2234","title":{"rendered":"Comiss\u00f5es Internas"},"content":{"rendered":"<p><strong>Comiss\u00e3o de Ensino &#8211; Ato 37\/2024\/IBP, de 16\/07\/2024:<\/strong><\/p>\n<p>Luciane Cristina de Oliveira Lisboa, 10187-7\/UFV (presidente)<br \/>\nMonise Viana Abranches, 11164-3\/UFV<br \/>\nMoema Lopes Ramos, 10281-4\/UFV<\/p>\n<p><strong>Comiss\u00e3o de Extens\u00e3o &#8211; Ato 07\/2022\/IBP, de 25\/05\/2022:<\/strong><\/p>\n<p>Luanda Medeiros Santana, 10570-8\/UFV (presidente)<br \/>\nTatiana Coura Oliveira, 11178-3\/UFV<br \/>\nLiliane Evangelista Vis\u00f4tto, 10222-9\/UFV<br \/>\nMoema Lopes Ramos, 10281-4\/UFV (suplente)<\/p>\n<p><strong>Comiss\u00e3o de Pesquisa &#8211; Ato 38\/2024\/IBP, de 16\/07\/2024:<\/strong><\/p>\n<p>Silvana da Costa Ferreia, 10294-6\/UFV (presidente)<br \/>\nMonise Viana Abranches, 11164-3\/UFV<br \/>\nLuciano Bueno dos Reis, 8881-1\/UFV<br \/>\nCassiana Regina Goes, 13195-4\/UFV (suplente)<br \/>\nKarine Frehner Kavalco, 10316-0\/UFV (suplente)<\/p>\n<p><strong>Comiss\u00e3o de Avalia\u00e7\u00e3o de Est\u00e1gio Probat\u00f3rio dos Docentes do IBP &#8211; Ato 08\/2022\/IBP, de 25\/05\/2022:<\/strong><\/p>\n<p>Jaqueline Dias Pereira, 8873-0\/UFV (presidente)<br \/>\nSilvana da Costa Ferreira, 10294-6\/UFV<br \/>\nRaquel Ferreira Miranda, 8799-8\/UFV<br \/>\nEdmilson Amaral de Souza, 10182-6\/UFV (orientador)<\/p>\n<p><strong>Comiss\u00e3o de Avalia\u00e7\u00e3o de Est\u00e1gio Probat\u00f3rio dos Servidores T\u00e9cnico-Administrativos do IBP &#8211; Ato 09\/2022\/IBP, de 25\/05\/2022:<\/strong><\/p>\n<p>Ana Paula dos Santos, 11796-X\/UFV (presidente)<br \/>\nKarine de Oliveira Gomes, 12017-0\/UFV<br \/>\nGustavo Ribeiro, 10392-6\/UFV<br \/>\nMeire de Oliveira Barbosa, 11547-9\/UFV (orientadora)<\/p>\n<p><strong>Comiss\u00e3o de Avalia\u00e7\u00e3o de Progress\u00e3o e Promo\u00e7\u00e3o dos Docentes do IBP &#8211; Ato 106\/2019\/IBP, de 30\/09\/2019:<\/strong><\/p>\n<p>Luciane Cristina de Oliveira Lisboa, 10187-7\/UFV (presidente)<br \/>\nKarine Frehner Kavalco, 10316-0\/UFV<br \/>\nRaquel Ferreira Miranda, 8799-8\/UFV<br \/>\nEdmilson Amaral de Souza, 10182-6\/UFV (suplente)<\/p>\n","protected":false},"excerpt":{"rendered":"<p>Comiss\u00e3o de Ensino &#8211; Ato 37\/2024\/IBP, de 16\/07\/2024: Luciane Cristina de Oliveira Lisboa, 10187-7\/UFV (presidente) Monise Viana Abranches, 11164-3\/UFV Moema Lopes Ramos, 10281-4\/UFV Comiss\u00e3o de Extens\u00e3o &#8211; Ato 07\/2022\/IBP, de 25\/05\/2022: Luanda Medeiros Santana, 10570-8\/UFV (presidente) Tatiana Coura Oliveira, 11178-3\/UFV Liliane Evangelista Vis\u00f4tto, 10222-9\/UFV Moema Lopes Ramos, 10281-4\/UFV (suplente) Comiss\u00e3o de Pesquisa &#8211; Ato 38\/2024\/IBP, [&hellip;]<\/p>\n","protected":false},"author":1,"featured_media":0,"parent":0,"menu_order":0,"comment_status":"closed","ping_status":"closed","template":"","meta":{"footnotes":""},"class_list":["post-2234","page","type-page","status-publish","hentry"],"_links":{"self":[{"href":"https:\/\/ibp.crp.ufv.br\/index.php?rest_route=\/wp\/v2\/pages\/2234","targetHints":{"allow":["GET"]}}],"collection":[{"href":"https:\/\/ibp.crp.ufv.br\/index.php?rest_route=\/wp\/v2\/pages"}],"about":[{"href":"https:\/\/ibp.crp.ufv.br\/index.php?rest_route=\/wp\/v2\/types\/page"}],"author":[{"embeddable":true,"href":"https:\/\/ibp.crp.ufv.br\/index.php?rest_route=\/wp\/v2\/users\/1"}],"replies":[{"embeddable":true,"href":"https:\/\/ibp.crp.ufv.br\/index.php?rest_route=%2Fwp%2Fv2%2Fcomments&post=2234"}],"version-history":[{"count":23,"href":"https:\/\/ibp.crp.ufv.br\/index.php?rest_route=\/wp\/v2\/pages\/2234\/revisions"}],"predecessor-version":[{"id":3479,"href":"https:\/\/ibp.crp.ufv.br\/index.php?rest_route=\/wp\/v2\/pages\/2234\/revisions\/3479"}],"wp:attachment":[{"href":"https:\/\/ibp.crp.ufv.br\/index.php?rest_route=%2Fwp%2Fv2%2Fmedia&parent=2234"}],"curies":[{"name":"wp","href":"https:\/\/api.w.org\/{rel}","templated":true}]}}